{"id":5,"date":"2021-12-15T04:43:15","date_gmt":"2021-12-15T04:43:15","guid":{"rendered":"http:\/\/www.beardedcollie.se\/?page_id=5"},"modified":"2021-12-15T04:43:15","modified_gmt":"2021-12-15T04:43:15","slug":"bearded-collie-2","status":"publish","type":"page","link":"https:\/\/www.beardedcollie.se\/","title":{"rendered":"Bearded collie"},"content":{"rendered":"<p>Bearded collie \u00e4r en medelstor, l\u00e5ngh\u00e5rig och lurvig vallhundsras med ursprung i Skottland. Den moderna rasen grundades p\u00e5 1940-talet, och de f\u00f6rsta bearded collies som importerades till Sverige anl\u00e4nde \u00e5r 1960.<\/p>\n<p>I Sverige h\u00e5lls bearded collie vanligen som s\u00e4llskapshund. Rasen brukar beskrivas som mycket f\u00f6ljsam och lyh\u00f6rd, och brukar gilla att \u00e4gna sig \u00e5t hundsporterna lydnad och agility. Trots att den \u00e4r en vallhundsras f\u00f6rekommer det ocks\u00e5 att bearded collies blir mycket f\u00f6rtjusta i och bra p\u00e5 viltsp\u00e5rsaktiviteter.<\/p>\n<p>Bearded collie \u00e4r en v\u00e4nlig, positiv och glad hund som brukar trivas bra ihop med b\u00e5de m\u00e4nniskor, hundar och andra husdjur. Det h\u00e4r \u00e4r inte en jakthund, och b\u00e5de ljudk\u00e4nslighet och skottr\u00e4dsla \u00e4r vanligt i rasen. En f\u00f6rdel med den begr\u00e4nsade jaktinstinkten \u00e4r att det brukar vara t\u00e4mligen l\u00e4tt att tr\u00e4na den till att vara sn\u00e4ll mot sm\u00e5 husdjur i hemmet som skulle trigga m\u00e5nga jakthundars medf\u00f6dda jaktinstinkter.<\/p>\n<p>Bearded collie \u00e4r ber\u00f6md f\u00f6r sin lurviga p\u00e4ls, och man b\u00f6r inte skaffa en bearded collie om man inte har tid och lust \u00e4gna sig \u00e5t frekvent f\u00f6rebyggande p\u00e4lsv\u00e5rd. Om man aktivt f\u00f6rebygger tovor beh\u00f6ver p\u00e4lsv\u00e5rden inte vara s\u00e5 tidskr\u00e4vande; om man d\u00e4remot l\u00e5ter p\u00e4lsen tova igen kan det kr\u00e4vas timmar f\u00f6r att reda ut den. P\u00e5 hundutst\u00e4llningar f\u00e5r hunden inte ha nedklippt p\u00e4ls, men det f\u00f6rekommer att bearded collies som h\u00e5lls som renodlade s\u00e4llskapshundar och aldrig st\u00e4lls ut klipps ned \u2013 s\u00e4rskilt inf\u00f6r den varma \u00e5rstiden.<\/p>\n<p><img loading=\"lazy\" decoding=\"async\" class=\"aligncenter size-full wp-image-9\" src=\"http:\/\/www.beardedcollie.se\/wp-content\/uploads\/bearded-collie-hund.jpg\" alt=\"bearded collie hund\" width=\"806\" height=\"592\" srcset=\"https:\/\/www.beardedcollie.se\/wp-content\/uploads\/bearded-collie-hund.jpg 806w, https:\/\/www.beardedcollie.se\/wp-content\/uploads\/bearded-collie-hund-300x220.jpg 300w, https:\/\/www.beardedcollie.se\/wp-content\/uploads\/bearded-collie-hund-768x564.jpg 768w\" sizes=\"auto, (max-width: 806px) 100vw, 806px\" \/><\/p>\n<h2><strong>Svenska kennelklubben<\/strong><\/h2>\n<p>Svenska kennelklubben placerar bearded collie i Grupp 1, vilket \u00e4r en grupp f\u00f6r vall- boskaps- och herdehundar. Det h\u00e4r \u00e4r raser som stammar fr\u00e5n hundar som anv\u00e4ndes f\u00f6r att valla eller vakta f\u00e5r eller n\u00f6tboskap. F\u00f6r vissa av hundraserna i Grupp 1 \u00e4r det fortfarande vanligt att arbeta med vall\/vakt, medan andra har blivit mer renodlade s\u00e4llskapshundar. Det \u00e4r ocks\u00e5 flera hundraser i Grupp 1 som numera har nya arbetsuppgifter, till exempel som polishundar, milit\u00e4rhundar och assistanshundar.<\/p>\n<h2><strong>Specialklubben f\u00f6r Bearded Collie <\/strong><\/h2>\n<p>Den specialklubb som rasenh\u00f6r till i Sverige \u00e4r Specialklubben f\u00f6r Bearded Collie.<\/p>\n<p>Sajt: <a href=\"https:\/\/sbc-beardedcollie.com\/\">https:\/\/sbc-beardedcollie.com\/<\/a><\/p>\n<h2><strong>Hur stor blir en Bearded collie? <\/strong><\/h2>\n<p>Den svenska rasstandarden stipulerar att idealh\u00f6jden f\u00f6r hanen \u00e4r 53-56 cm och f\u00f6r tiken 51-53 cm. Kvalitet och proportioner \u00e4r dock viktigare \u00e4n exakt storlek, s\u00e5 l\u00e4nge hundens h\u00f6jd inte avviker mycket fr\u00e5n idealh\u00f6jden.<\/p>\n<p>Den svenska rasstandarden f\u00f6r bearded collie anger att hunden ska ha en stark kroppsbyggnad, men samtidigt inte verka alltf\u00f6r tung. Det ska finnas gott om \u201dluft\u201d under kroppen och hunden ska vara r\u00f6rlig.<\/p>\n<h2><strong>P\u00e4lsen <\/strong><\/h2>\n<p>Hunden bearded collie \u00e4r ber\u00f6md f\u00f6r sin l\u00e5nga och rikliga p\u00e4ls, och f\u00f6r det \u201dsk\u00e4gg\u201d som gett rasen sitt namn. P\u00e4lsen \u00e4r dubbel, med b\u00e5de underull och t\u00e4ckh\u00e5r. Underullen \u00e4r mjuk och v\u00e4rmeisolerande, medan t\u00e4ckh\u00e5ren \u00e4r grova, raka och raggiga och ger hunden visst skydd mot regn.<\/p>\n<p>Nosryggen \u00e4r sparsamt t\u00e4ckt med p\u00e4ls. Fr\u00e5n kinderna, underl\u00e4ppen och under hakan \u00f6kar p\u00e4lsen i l\u00e4ngd ned mot bringan s\u00e5 att det typiska sk\u00e4gget bildas.<\/p>\n<h3>F\u00e4rg<\/h3>\n<p>Rasstandarden godk\u00e4nner flera olika f\u00e4rger: skiffergr\u00e5, r\u00f6daktigt fawn, svart, bl\u00e5tt, alla nyanser<\/p>\n<p>av gr\u00e5tt, brunt och sandf\u00e4rgat, med eller utan vita tecken. D\u00e4remot \u00e4r varken merle eller s\u00e5 kallad dapplef\u00e4rg inte till\u00e5tna.<\/p>\n<p>N\u00e4r vitt f\u00f6rekommet finns s\u00e4rskilda regler f\u00f6r var n\u00e5gonstans det f\u00e5r f\u00f6rekomma.<\/p>\n<h3>F\u00e4rgskiftningar under livet<\/h3>\n<p>N\u00e4r en bearded collie skiftar fr\u00e5n sin valpp\u00e4ls till sin unghundsp\u00e4ls \u00e4r det vanligt att den blir ljusare. Vissa individer kan till och med se n\u00e4stan vita ut trots att de inte f\u00f6ddes vita. N\u00e4r hunden l\u00e4mnar unghundsperioden bakom sig blir den m\u00f6rkare igen.<\/p>\n<h2><strong>P\u00e4lsv\u00e5rd <\/strong><\/h2>\n<ul>\n<li>Den moderna hundrasen bearded collie kr\u00e4ver en hel del p\u00e4lsv\u00e5rd och det \u00e4r viktigt att v\u00e4nja hunden vid p\u00e4lsv\u00e5rd redan n\u00e4r den \u00e4r liten valp.<\/li>\n<li>P\u00e4lsen beh\u00f6ver b\u00e5de borstas och kammas, och man ska g\u00e4rna har en karda f\u00f6r att f\u00e5 bort tappade h\u00e5rstr\u00e5n ordentligt och motverka att det bildas tovor.<\/li>\n<li>Det \u00e4r inte bra att tv\u00e4tta hunden ofta, utan det r\u00e4cker att man schamponerar och duschar sin bearded collie n\u00e4r hunden verkligen \u00e4r smutsig. \u00d6verdrivet shamponerande kan ha en negativ p\u00e5verkan p\u00e5 hud och p\u00e4ls. Anv\u00e4nd g\u00e4rna balsam (f\u00f6r hundp\u00e4ls) efter schamponeringen.<\/li>\n<li>Om du har en handhund som f\u00e5r kiss i p\u00e4lsen (inte helt ovanligt hos beardis) kan du beh\u00f6va tv\u00e4tta av just dessa omr\u00e5den varje dag, men inte resten av p\u00e4lsen. Man kan klippa ned p\u00e4lsen i det utsatta omr\u00e5det f\u00f6r att det ska bli enkalre att h\u00e5lla rent.<\/li>\n<li>Om din hunds p\u00e4ls blivit fuktig, till exempel p\u00e5 grund av lek ute i regnet, \u00e4r det bra att borsta igenom den eftersom den l\u00e4tt blir tovig om den f\u00e5r sj\u00e4lvtorka.<\/li>\n<\/ul>\n<div id=\"attachment_10\" style=\"width: 814px\" class=\"wp-caption aligncenter\"><img loading=\"lazy\" decoding=\"async\" aria-describedby=\"caption-attachment-10\" class=\"size-full wp-image-10\" src=\"http:\/\/www.beardedcollie.se\/wp-content\/uploads\/glad-bearded-collie-i-vatten.jpg\" alt=\"glad bearded collie i vatten\" width=\"804\" height=\"532\" srcset=\"https:\/\/www.beardedcollie.se\/wp-content\/uploads\/glad-bearded-collie-i-vatten.jpg 804w, https:\/\/www.beardedcollie.se\/wp-content\/uploads\/glad-bearded-collie-i-vatten-300x199.jpg 300w, https:\/\/www.beardedcollie.se\/wp-content\/uploads\/glad-bearded-collie-i-vatten-768x508.jpg 768w\" sizes=\"auto, (max-width: 804px) 100vw, 804px\" \/><p id=\"caption-attachment-10\" class=\"wp-caption-text\">Glad bearded collie i vatten<\/p><\/div>\n<h2><strong>Bearde collie h\u00e4lsa<\/strong><\/h2>\n<p>Det h\u00e4r \u00e4r en j\u00e4mf\u00f6relsevis h\u00e4lsosam hundras, men det finns en \u00f6kad risk f\u00f6r njursjukdomen Addison\u00b4s sjukdom och problem med klorna (framf\u00f6rallt klokapseln). Precis som hos de flesta andra medelstora och stora hundar f\u00f6rekommer \u00e4ven h\u00f6ftledsdysplasi (HD).<\/p>\n<p>Den svenska rasklubben f\u00f6r bearded collie arbetar tillsammans med forskare f\u00f6r att \u00f6ka kunskapen om Addison\u00b4s sjukdom och hur f\u00f6rekomsten kan minskas.<\/p>\n<h3>Missf\u00e4rgad p\u00e4ls<\/h3>\n<p>Om din bearded collie pl\u00f6tsligt f\u00e5r r\u00f6dbrun p\u00e4ls p\u00e5 vissa omr\u00e5den (vanligen kring munnen och\/eller mellan trampdynorna) kan det bero p\u00e5 en svampinfektion. P\u00e5 apoteket kan man k\u00f6pa svampd\u00f6dande schampo att behandla med. Mellan trampdynorna kan det vara id\u00e9 att trimma ned h\u00e5ret rej\u00e4lt f\u00f6r att minska risken f\u00f6r att fukt h\u00e5ller sig kvar och hj\u00e4lper svampen att trivas.<\/p>\n<p>Om \u00e4ven huden har blivit r\u00f6d, och verkar kladdig, b\u00f6r man konsultera veterin\u00e4r.<\/p>\n<h2><strong>Bakgrund<\/strong><\/h2>\n<h3>L\u00e5ngh\u00e5riga vallhundar i Skottland<\/h3>\n<p>I Skottland och norra England har den h\u00e4r typen av hund sedan l\u00e4nge anv\u00e4nts f\u00f6r att valla f\u00e5r, och i historiska k\u00e4llor kan vi hitta bel\u00e4gg f\u00f6r att hundar som p\u00e5minner om dagens bearded collie levde i Skottland s\u00e5 pass tidigt som 1500-talet. Exakt hur och n\u00e4r den h\u00e4r vallhunden uppkom \u00e4r oklart, men den f\u00f6rmodas vara en av omr\u00e5dets \u00e4ldsta vallhundstyper.<\/p>\n<p>P\u00e5 1700-talet anv\u00e4ndes bearded collies f\u00f6r att driva boskap fr\u00e5n det skotska h\u00f6glandet ned till marknader i s\u00f6dra Skottland och norra England. P\u00e5 den h\u00e4r tiden verkar det som att en brunvit variant av hunden var vanligast i h\u00f6glandet, medan en gr\u00e5vit variant dominerade i l\u00e5glandet.<\/p>\n<h3>Myter och legender<\/h3>\n<p>Det finns flera olika myter och legender som ber\u00e4ttas om rasens ursprung. Enligt en av dem blev vallhundar fr\u00e5n det polska l\u00e5glandet (<em>polski owczarek nizinny<\/em>) \u00f6vergivna p\u00e5 den skotska kusten, d\u00e4r de beblandade sig med skotska vallhundar. Enligt en annan ber\u00e4ttelse var det en polsk handlare vid namn Kazimierz Grabski som \u00e5r 1514 bytte en skeppslast s\u00e4d mot skotska f\u00e5r, och tog med sig polska f\u00e5rhundar fr\u00e5n l\u00e5glandet till Skottland f\u00f6r att hj\u00e4lpa honom att hantera f\u00e5ren n\u00e4r det var dags att h\u00e4mta dem. En lokal skotsk f\u00e5raherde blev d\u00e5 s\u00e5 imponerad av de polska vallhundarnas f\u00f6rm\u00e5gor att han bytte till sig flera stycken och betalade med ytterligare f\u00e5r. Dessa polska vallhundar parade sig sedan med lokala skottska hundar och resultatet blev bearded collie.<\/p>\n<h3>Den moderna rasen<\/h3>\n<p>En rasklubb bildades redan \u00e5r 1912, men erk\u00e4ndes inte av den engelska kennelklubben f\u00f6rr\u00e4n 1955.<\/p>\n<p>Tv\u00e5 mycket viktiga individer f\u00f6r den moderna rasen Bearded collie \u00e4r tiken Jeannie of Bothkennar och hanen David \/ Bailie of Bothkennar. Hundentusiasten Mrs G. Olive Willison skulle egentligen ha f\u00e5tt en arbetande Shetland Sheepdog, men \u00e5terf\u00f6rs\u00e4ljaren fick inte tag p\u00e5 n\u00e5gon och levererade den bruna lurviga skotska vallhunden Jeannie ist\u00e4llet (\u00e5r 1944). Mrs. Willison trodde hon f\u00e5tt en blandras, men tv\u00e5 m\u00e5nader senare kom en herde p\u00e5 bes\u00f6k som kunde upplysa om att Jeannie var en bearded collie.<\/p>\n<p>Mrs. Willison blev s\u00e5 fascinerad av Jeannie att hon ville avla p\u00e5 den typen av hund. Hon b\u00f6rjade leta efter en l\u00e4mplig hane att para Jeannie med, och en dag n\u00e4r hon promenerade l\u00e4ngs stranden tr\u00e4ffade hon p\u00e5 en man som var p\u00e5 v\u00e4g att emigrera fr\u00e5n Skottland. Han hade en gr\u00e5 hund vid namn David, som Mrs. Willison tog \u00f6ver och gav det nya namnet Bailie of Bothkennar.<\/p>\n<p>Bailie och Jeannie r\u00e4knas som grundarna av den moderna hundrasen bearded collie, men det finns n\u00e5gra andra registrerarbara blodlinjer som stammar fr\u00e5n hanen Turnbull&#8217;s Blue. Turnbull&#8217;s Blue var en bearded collie som kom direkt fr\u00e5n arbetande vallhundar och registrerades hos The International Sheep Dog Society (ISDS) p\u00e5 den tiden n\u00e4r ISDS fortfarande registrerade hundar som inte var border collies. Turnbull blev far till tre kullar av registrerbara bearded collies. Mr. Nicolas Broadbridge (Sallen) och Mrs. Betty Foster (Bredon) var b\u00e5da viktiga krafter i arbetet med dessa blodlinjer.<\/p>\n<h3>Bearded collie i Sverige<\/h3>\n<p>De f\u00f6rsta bearded collies som importerades till Sverige anl\u00e4nde \u00e5r 1960. De togs hit av en svensk familj som bott en tid i England. N\u00e4r familjen kom tillbaka fr\u00e5n England hade de med sig tiken Aweltun Lass, och de importerade senare hanen Wishanger Winterberry. Aweltun Lass blev mor till den f\u00f6rsta svenskf\u00f6dda kullen bearded collie.<\/p>\n<p>Den svenska rasf\u00f6reningen Bearded Collie Gruppen grundades \u00e5r 1971, tidningen Skocken b\u00f6rjade ges ut f\u00f6ljande \u00e5r och 1973 h\u00f6lls den f\u00f6rsta specialutst\u00e4llningen. (Sedan \u00e5r 1990 heter f\u00f6reningen Specialklubben f\u00f6r Bearded Collie.) 1970-talet blev ett intensivt \u00e5rtionde f\u00f6r rasen i Sverige, d\u00e5 man \u00e4ven inf\u00f6rde arbetsprov, b\u00f6rjade dela ut hedersbetygelsen \u00c5rets Bearded Collie och skapade en omplaceringscentral f\u00f6r bearded collies som beh\u00f6vde nya hem.<\/p>\n<p>Rasens popularitet har g\u00e5tt upp och ned igen sedan dess. \u00c5r 1970, tio \u00e5r efter att rasen f\u00f6rst kom till Sverige, registrerades 66 bearded collies. Under b\u00e5de 1970-talet och 1980-talet \u00f6kade m\u00e4ngden bearded collies i Sverige rej\u00e4lt, och 1992 intr\u00e4ffade rekord\u00e5ret d\u00e5 724 registreringar genomf\u00f6rdes.<\/p>\n<p>Numera har rasen blivit mer ovanlig i Sverige, och \u00e5r 2019 registrerades bara 108 individer, inklusive fem importer. Specialklubbens medlemsantal har ocks\u00e5 sjunkit fr\u00e5n en bra bit \u00f6ver 2000 \u00e5r 1992 till cirka 500 i slutet av 2010-talet.<\/p>\n","protected":false},"excerpt":{"rendered":"<p>Bearded collie \u00e4r en medelstor, l\u00e5ngh\u00e5rig och lurvig vallhundsras med ursprung i Skottland. Den moderna rasen grundades p\u00e5 1940-talet, och de f\u00f6rsta bearded collies som importerades till Sverige anl\u00e4nde \u00e5r 1960. I Sverige h\u00e5lls bearded collie vanligen som s\u00e4llskapshund. Rasen &hellip; <a href=\"https:\/\/www.beardedcollie.se\/\">Forts\u00e4tt l\u00e4sa <span class=\"meta-nav\">&rarr;<\/span><\/a><\/p>\n","protected":false},"author":1,"featured_media":0,"parent":0,"menu_order":0,"comment_status":"closed","ping_status":"closed","template":"","meta":{"footnotes":""},"class_list":["post-5","page","type-page","status-publish","hentry"],"yoast_head":"<!-- This site is optimized with the Yoast SEO plugin v21.2 - https:\/\/yoast.com\/wordpress\/plugins\/seo\/ -->\n<title>Bearded collie - Bearded Collie<\/title>\n<meta name=\"description\" content=\"Bearded collie \u00e4r en medelstor, l\u00e5ngh\u00e5rig och lurvig vallhundsras med ursprung i Skottland.\" \/>\n<meta name=\"robots\" content=\"index, follow, max-snippet:-1, max-image-preview:large, max-video-preview:-1\" \/>\n<link rel=\"canonical\" href=\"https:\/\/www.beardedcollie.se\/\" \/>\n<meta property=\"og:locale\" content=\"sv_SE\" \/>\n<meta property=\"og:type\" content=\"article\" \/>\n<meta property=\"og:title\" content=\"Bearded collie - Bearded Collie\" \/>\n<meta property=\"og:description\" content=\"Bearded collie \u00e4r en medelstor, l\u00e5ngh\u00e5rig och lurvig vallhundsras med ursprung i Skottland.\" \/>\n<meta property=\"og:url\" content=\"https:\/\/www.beardedcollie.se\/\" \/>\n<meta property=\"og:site_name\" content=\"Bearded Collie\" \/>\n<meta property=\"og:image\" content=\"http:\/\/www.beardedcollie.se\/wp-content\/uploads\/bearded-collie-hund.jpg\" \/>\n<meta name=\"twitter:card\" content=\"summary_large_image\" \/>\n<meta name=\"twitter:label1\" content=\"Ber\u00e4knad l\u00e4stid\" \/>\n\t<meta name=\"twitter:data1\" content=\"9 minuter\" \/>\n<script type=\"application\/ld+json\" class=\"yoast-schema-graph\">{\"@context\":\"https:\/\/schema.org\",\"@graph\":[{\"@type\":\"WebPage\",\"@id\":\"https:\/\/www.beardedcollie.se\/\",\"url\":\"https:\/\/www.beardedcollie.se\/\",\"name\":\"Bearded collie - Bearded Collie\",\"isPartOf\":{\"@id\":\"https:\/\/www.beardedcollie.se\/#website\"},\"datePublished\":\"2021-12-15T04:43:15+00:00\",\"dateModified\":\"2021-12-15T04:43:15+00:00\",\"description\":\"Bearded collie \u00e4r en medelstor, l\u00e5ngh\u00e5rig och lurvig vallhundsras med ursprung i Skottland.\",\"breadcrumb\":{\"@id\":\"https:\/\/www.beardedcollie.se\/#breadcrumb\"},\"inLanguage\":\"sv-SE\",\"potentialAction\":[{\"@type\":\"ReadAction\",\"target\":[\"https:\/\/www.beardedcollie.se\/\"]}]},{\"@type\":\"BreadcrumbList\",\"@id\":\"https:\/\/www.beardedcollie.se\/#breadcrumb\",\"itemListElement\":[{\"@type\":\"ListItem\",\"position\":1,\"name\":\"Home\",\"item\":\"https:\/\/www.beardedcollie.se\/\"},{\"@type\":\"ListItem\",\"position\":2,\"name\":\"Bearded collie\"}]},{\"@type\":\"WebSite\",\"@id\":\"https:\/\/www.beardedcollie.se\/#website\",\"url\":\"https:\/\/www.beardedcollie.se\/\",\"name\":\"Bearded Collie\",\"description\":\"Sk\u00f6tsel, beteende och tr\u00e4ning\",\"potentialAction\":[{\"@type\":\"SearchAction\",\"target\":{\"@type\":\"EntryPoint\",\"urlTemplate\":\"https:\/\/www.beardedcollie.se\/?s={search_term_string}\"},\"query-input\":\"required name=search_term_string\"}],\"inLanguage\":\"sv-SE\"}]}<\/script>\n<!-- \/ Yoast SEO plugin. -->","yoast_head_json":{"title":"Bearded collie - Bearded Collie","description":"Bearded collie \u00e4r en medelstor, l\u00e5ngh\u00e5rig och lurvig vallhundsras med ursprung i Skottland.","robots":{"index":"index","follow":"follow","max-snippet":"max-snippet:-1","max-image-preview":"max-image-preview:large","max-video-preview":"max-video-preview:-1"},"canonical":"https:\/\/www.beardedcollie.se\/","og_locale":"sv_SE","og_type":"article","og_title":"Bearded collie - Bearded Collie","og_description":"Bearded collie \u00e4r en medelstor, l\u00e5ngh\u00e5rig och lurvig vallhundsras med ursprung i Skottland.","og_url":"https:\/\/www.beardedcollie.se\/","og_site_name":"Bearded Collie","og_image":[{"url":"http:\/\/www.beardedcollie.se\/wp-content\/uploads\/bearded-collie-hund.jpg"}],"twitter_card":"summary_large_image","twitter_misc":{"Ber\u00e4knad l\u00e4stid":"9 minuter"},"schema":{"@context":"https:\/\/schema.org","@graph":[{"@type":"WebPage","@id":"https:\/\/www.beardedcollie.se\/","url":"https:\/\/www.beardedcollie.se\/","name":"Bearded collie - Bearded Collie","isPartOf":{"@id":"https:\/\/www.beardedcollie.se\/#website"},"datePublished":"2021-12-15T04:43:15+00:00","dateModified":"2021-12-15T04:43:15+00:00","description":"Bearded collie \u00e4r en medelstor, l\u00e5ngh\u00e5rig och lurvig vallhundsras med ursprung i Skottland.","breadcrumb":{"@id":"https:\/\/www.beardedcollie.se\/#breadcrumb"},"inLanguage":"sv-SE","potentialAction":[{"@type":"ReadAction","target":["https:\/\/www.beardedcollie.se\/"]}]},{"@type":"BreadcrumbList","@id":"https:\/\/www.beardedcollie.se\/#breadcrumb","itemListElement":[{"@type":"ListItem","position":1,"name":"Home","item":"https:\/\/www.beardedcollie.se\/"},{"@type":"ListItem","position":2,"name":"Bearded collie"}]},{"@type":"WebSite","@id":"https:\/\/www.beardedcollie.se\/#website","url":"https:\/\/www.beardedcollie.se\/","name":"Bearded Collie","description":"Sk\u00f6tsel, beteende och tr\u00e4ning","potentialAction":[{"@type":"SearchAction","target":{"@type":"EntryPoint","urlTemplate":"https:\/\/www.beardedcollie.se\/?s={search_term_string}"},"query-input":"required name=search_term_string"}],"inLanguage":"sv-SE"}]}},"_links":{"self":[{"href":"https:\/\/www.beardedcollie.se\/index.php?rest_route=\/wp\/v2\/pages\/5","targetHints":{"allow":["GET"]}}],"collection":[{"href":"https:\/\/www.beardedcollie.se\/index.php?rest_route=\/wp\/v2\/pages"}],"about":[{"href":"https:\/\/www.beardedcollie.se\/index.php?rest_route=\/wp\/v2\/types\/page"}],"author":[{"embeddable":true,"href":"https:\/\/www.beardedcollie.se\/index.php?rest_route=\/wp\/v2\/users\/1"}],"replies":[{"embeddable":true,"href":"https:\/\/www.beardedcollie.se\/index.php?rest_route=%2Fwp%2Fv2%2Fcomments&post=5"}],"version-history":[{"count":1,"href":"https:\/\/www.beardedcollie.se\/index.php?rest_route=\/wp\/v2\/pages\/5\/revisions"}],"predecessor-version":[{"id":11,"href":"https:\/\/www.beardedcollie.se\/index.php?rest_route=\/wp\/v2\/pages\/5\/revisions\/11"}],"wp:attachment":[{"href":"https:\/\/www.beardedcollie.se\/index.php?rest_route=%2Fwp%2Fv2%2Fmedia&parent=5"}],"curies":[{"name":"wp","href":"https:\/\/api.w.org\/{rel}","templated":true}]}}